{"id":24,"date":"2019-04-29T18:51:56","date_gmt":"2019-04-29T18:51:56","guid":{"rendered":"http:\/\/wir-lsz.de\/?page_id=24"},"modified":"2024-03-10T15:04:05","modified_gmt":"2024-03-10T15:04:05","slug":"zur-stadtratswahl-2019","status":"publish","type":"page","link":"https:\/\/wir-lsz.de\/?page_id=24","title":{"rendered":"Unsere Mitglieder zur Stadtratswahl 2019"},"content":{"rendered":"\n<figure class=\"wp-block-image size-medium\"><img loading=\"lazy\" decoding=\"async\" width=\"200\" height=\"300\" src=\"https:\/\/wir-lsz.de\/wp-content\/uploads\/2019\/05\/53-200x300.jpg\" alt=\"\" class=\"wp-image-36\" srcset=\"https:\/\/wir-lsz.de\/wp-content\/uploads\/2019\/05\/53-200x300.jpg 200w, https:\/\/wir-lsz.de\/wp-content\/uploads\/2019\/05\/53-768x1152.jpg 768w, https:\/\/wir-lsz.de\/wp-content\/uploads\/2019\/05\/53-683x1024.jpg 683w\" sizes=\"(max-width: 200px) 100vw, 200px\" \/><\/figure>\n\n\n\n<h2 class=\"wp-block-heading\">Name: Silvio Hellmundt<\/h2>\n\n\n\n<p>Wohnort: Ufhoven<\/p>\n\n\n\n<p>Geburtsjahr: 1965<\/p>\n\n\n\n<p>Beruf: Zimmermeister<\/p>\n\n\n\n<p>F\u00fcr ein starkes Jugendparlament, gegen Wohnungsleerstand und f\u00fcr Unterst\u00fctzung der Vereine sowie Ehrenamt.<\/p>\n\n\n\n<hr class=\"wp-block-separator has-css-opacity\"\/>\n\n\n\n<figure class=\"wp-block-image size-medium\"><img loading=\"lazy\" decoding=\"async\" width=\"200\" height=\"300\" src=\"https:\/\/wir-lsz.de\/wp-content\/uploads\/2019\/05\/26-200x300.jpg\" alt=\"\" class=\"wp-image-37\" srcset=\"https:\/\/wir-lsz.de\/wp-content\/uploads\/2019\/05\/26-200x300.jpg 200w, https:\/\/wir-lsz.de\/wp-content\/uploads\/2019\/05\/26-768x1152.jpg 768w, https:\/\/wir-lsz.de\/wp-content\/uploads\/2019\/05\/26-683x1024.jpg 683w\" sizes=\"(max-width: 200px) 100vw, 200px\" \/><\/figure>\n\n\n\n<h2 class=\"wp-block-heading\">Name: Torsten Wronowski<\/h2>\n\n\n\n<p>Wohnort: N\u00e4gelstedt<\/p>\n\n\n\n<p>Geburtsjahr: 1969<\/p>\n\n\n\n<p>Beruf: Werk-Feuerwehrmann<\/p>\n\n\n\n<p>Ehrlich-Verl\u00e4sslich-Zukunftsorientiert<\/p>\n\n\n\n<hr class=\"wp-block-separator has-css-opacity\"\/>\n\n\n\n<figure class=\"wp-block-image size-medium\"><img loading=\"lazy\" decoding=\"async\" width=\"200\" height=\"300\" src=\"https:\/\/wir-lsz.de\/wp-content\/uploads\/2019\/05\/21-200x300.jpg\" alt=\"\" class=\"wp-image-44\" srcset=\"https:\/\/wir-lsz.de\/wp-content\/uploads\/2019\/05\/21-200x300.jpg 200w, https:\/\/wir-lsz.de\/wp-content\/uploads\/2019\/05\/21-768x1152.jpg 768w, https:\/\/wir-lsz.de\/wp-content\/uploads\/2019\/05\/21-683x1024.jpg 683w\" sizes=\"(max-width: 200px) 100vw, 200px\" \/><\/figure>\n\n\n\n<h2 class=\"wp-block-heading\">Name: Bernd J\u00f6nsson<\/h2>\n\n\n\n<p>Wohnort: Thamsbr\u00fcck<\/p>\n\n\n\n<p>Geburtsjahr: 1945<\/p>\n\n\n\n<p>Beruf: Pensioner<\/p>\n\n\n\n<p>Ich m\u00f6chte gemeinsam mit den anderen Mitgliedern der Gruppe &#8220; WIR &#8222;die Interessen der B\u00fcrger unserer Stadt und seinen Ortsteilen vertreten ,wobei wir nicht nur das Geschaffene erhalten ,sondern auch an die Ortsteile denken.<\/p>\n\n\n\n<hr class=\"wp-block-separator has-css-opacity\"\/>\n\n\n\n<figure class=\"wp-block-image size-medium\"><img loading=\"lazy\" decoding=\"async\" width=\"200\" height=\"300\" src=\"https:\/\/wir-lsz.de\/wp-content\/uploads\/2019\/05\/63-200x300.jpg\" alt=\"\" class=\"wp-image-45\" srcset=\"https:\/\/wir-lsz.de\/wp-content\/uploads\/2019\/05\/63-200x300.jpg 200w, https:\/\/wir-lsz.de\/wp-content\/uploads\/2019\/05\/63-768x1152.jpg 768w, https:\/\/wir-lsz.de\/wp-content\/uploads\/2019\/05\/63-683x1024.jpg 683w\" sizes=\"(max-width: 200px) 100vw, 200px\" \/><\/figure>\n\n\n\n<h2 class=\"wp-block-heading\">Name: Andreas K\u00e4stner<\/h2>\n\n\n\n<p>Wohnort: Bad Langensalza<\/p>\n\n\n\n<p>Geburtsjahr: 1958<\/p>\n\n\n\n<p>Beruf: Maschinbaumeister<\/p>\n\n\n\n<p>Kommunalpolitik  in Augenh\u00f6he und erhalt der kommunalen Anteile des Hufeland Klinikum.<\/p>\n\n\n\n<hr class=\"wp-block-separator has-css-opacity\"\/>\n\n\n\n<figure class=\"wp-block-image size-medium\"><img loading=\"lazy\" decoding=\"async\" width=\"200\" height=\"300\" src=\"https:\/\/wir-lsz.de\/wp-content\/uploads\/2019\/05\/1-200x300.jpg\" alt=\"\" class=\"wp-image-47\" srcset=\"https:\/\/wir-lsz.de\/wp-content\/uploads\/2019\/05\/1-200x300.jpg 200w, https:\/\/wir-lsz.de\/wp-content\/uploads\/2019\/05\/1-768x1152.jpg 768w, https:\/\/wir-lsz.de\/wp-content\/uploads\/2019\/05\/1-683x1024.jpg 683w\" sizes=\"(max-width: 200px) 100vw, 200px\" \/><\/figure>\n\n\n\n<h2 class=\"wp-block-heading\">Name: Thomas K\u00fchmstedt<\/h2>\n\n\n\n<p>Wohnort: Bad Langensalza<\/p>\n\n\n\n<p>Geburtsjahr: 1963<\/p>\n\n\n\n<p>Beruf: Dipl. Bauingenieur<\/p>\n\n\n\n<p>Offene und ehrliche Kommunalpolitik f\u00fcr B\u00fcrger<\/p>\n\n\n\n<figure class=\"wp-block-image size-medium\"><img loading=\"lazy\" decoding=\"async\" width=\"200\" height=\"300\" src=\"https:\/\/wir-lsz.de\/wp-content\/uploads\/2019\/05\/13-200x300.jpg\" alt=\"\" class=\"wp-image-48\" srcset=\"https:\/\/wir-lsz.de\/wp-content\/uploads\/2019\/05\/13-200x300.jpg 200w, https:\/\/wir-lsz.de\/wp-content\/uploads\/2019\/05\/13-768x1152.jpg 768w, https:\/\/wir-lsz.de\/wp-content\/uploads\/2019\/05\/13-683x1024.jpg 683w\" sizes=\"(max-width: 200px) 100vw, 200px\" \/><\/figure>\n\n\n\n<h2 class=\"wp-block-heading\">Name: Volkmar Winter<\/h2>\n\n\n\n<p>Wohnort: Aschara<\/p>\n\n\n\n<p>Geburtsjahr: 1957<\/p>\n\n\n\n<p>Beruf: Dipl. Ing. f\u00fcr Hochbau FH<\/p>\n\n\n\n<p>Unterst\u00fctzung unseres B\u00fcrgermeisters Herrn Reinz zur sinnvollen Umsetzung der Chancen der Dorferneuerung in den Ortsteilen und die \u00f6ffentliche Einbindung der B\u00fcrger in die Planung und Durchf\u00fchrung  der Bauma\u00dfnahmen.<\/p>\n\n\n\n<figure class=\"wp-block-image size-medium\"><img loading=\"lazy\" decoding=\"async\" width=\"200\" height=\"300\" src=\"https:\/\/wir-lsz.de\/wp-content\/uploads\/2019\/05\/9-200x300.jpg\" alt=\"\" class=\"wp-image-53\" srcset=\"https:\/\/wir-lsz.de\/wp-content\/uploads\/2019\/05\/9-200x300.jpg 200w, https:\/\/wir-lsz.de\/wp-content\/uploads\/2019\/05\/9-768x1152.jpg 768w, https:\/\/wir-lsz.de\/wp-content\/uploads\/2019\/05\/9-683x1024.jpg 683w\" sizes=\"(max-width: 200px) 100vw, 200px\" \/><\/figure>\n\n\n\n<h2 class=\"wp-block-heading\">Name: Sebastian Schmidt<\/h2>\n\n\n\n<p>Wohnort: Grumbach<\/p>\n\n\n\n<p>Geburtsjahr: 1982<\/p>\n\n\n\n<p>Beruf: Gruppenleiter Abwasser<\/p>\n\n\n\n<p>Damit in einem fairen Umgang miteinander die Zukunft von Bad Langensalza im Vordergrund steht. <\/p>\n\n\n\n<hr class=\"wp-block-separator has-css-opacity\"\/>\n\n\n\n<figure class=\"wp-block-image size-medium\"><img loading=\"lazy\" decoding=\"async\" width=\"200\" height=\"300\" src=\"https:\/\/wir-lsz.de\/wp-content\/uploads\/2019\/05\/50-200x300.jpg\" alt=\"\" class=\"wp-image-55\" srcset=\"https:\/\/wir-lsz.de\/wp-content\/uploads\/2019\/05\/50-200x300.jpg 200w, https:\/\/wir-lsz.de\/wp-content\/uploads\/2019\/05\/50-768x1152.jpg 768w, https:\/\/wir-lsz.de\/wp-content\/uploads\/2019\/05\/50-683x1024.jpg 683w\" sizes=\"(max-width: 200px) 100vw, 200px\" \/><\/figure>\n\n\n\n<h2 class=\"wp-block-heading\">Name: Uwe Domni<\/h2>\n\n\n\n<p>Wohnort: Ufhoven<\/p>\n\n\n\n<p>Geburtsjahr: 1958<\/p>\n\n\n\n<p>Beruf: Betriebswirt VWA<\/p>\n\n\n\n<p>Ausgewogene Kommunalpolitik f\u00fcr die Kernstadt und die Ortsteile, neue Konzepte zur F\u00f6rderung von Handel und Gewerbe in der Innenstadt.<\/p>\n\n\n\n<hr class=\"wp-block-separator has-css-opacity\"\/>\n\n\n\n<figure class=\"wp-block-image size-medium\"><img loading=\"lazy\" decoding=\"async\" width=\"200\" height=\"300\" src=\"https:\/\/wir-lsz.de\/wp-content\/uploads\/2019\/05\/60-200x300.jpg\" alt=\"\" class=\"wp-image-56\" srcset=\"https:\/\/wir-lsz.de\/wp-content\/uploads\/2019\/05\/60-200x300.jpg 200w, https:\/\/wir-lsz.de\/wp-content\/uploads\/2019\/05\/60-768x1152.jpg 768w, https:\/\/wir-lsz.de\/wp-content\/uploads\/2019\/05\/60-683x1024.jpg 683w\" sizes=\"(max-width: 200px) 100vw, 200px\" \/><\/figure>\n\n\n\n<h2 class=\"wp-block-heading\">Name: Thomas Rurainsky<\/h2>\n\n\n\n<p>Wohnort: Bad Langensalza<\/p>\n\n\n\n<p>Geburtsjahr: 1976<\/p>\n\n\n\n<p>Beruf: Betriebswirt VWA<\/p>\n\n\n\n<p>Zeitgem\u00e4\u00dfe &amp; faire Kommunalpolitik, weiterer Ausbau\/Sicherung der Stadt als kompetenter  Gesundheitsstandort \/ F\u00f6rderung sozialer Projekte f\u00fcr Kinder, Jugendliche und Familien<\/p>\n\n\n\n<hr class=\"wp-block-separator has-css-opacity\"\/>\n\n\n\n<figure class=\"wp-block-image size-medium\"><img loading=\"lazy\" decoding=\"async\" width=\"200\" height=\"300\" src=\"https:\/\/wir-lsz.de\/wp-content\/uploads\/2019\/05\/57-200x300.jpg\" alt=\"\" class=\"wp-image-62\" srcset=\"https:\/\/wir-lsz.de\/wp-content\/uploads\/2019\/05\/57-200x300.jpg 200w, https:\/\/wir-lsz.de\/wp-content\/uploads\/2019\/05\/57-768x1152.jpg 768w, https:\/\/wir-lsz.de\/wp-content\/uploads\/2019\/05\/57-683x1024.jpg 683w\" sizes=\"(max-width: 200px) 100vw, 200px\" \/><\/figure>\n\n\n\n<h2 class=\"wp-block-heading\">Name: Thomas Stockhaus<\/h2>\n\n\n\n<p>Wohnort: Bad Langensalza<\/p>\n\n\n\n<p>Geburtsjahr: 1976<\/p>\n\n\n\n<p>Beruf: Diplom- Kaufmann (Univ.)<\/p>\n\n\n\n<p>Schaffung zus\u00e4tzlicher Arbeitspl\u00e4tze und lebenswerter Wohnumfelder, gute und bezahlbare Kinderbetreuung, st\u00e4rkere  F\u00f6rderung von Vereinen.<\/p>\n\n\n\n<hr class=\"wp-block-separator has-css-opacity\"\/>\n\n\n\n<figure class=\"wp-block-image size-medium\"><img loading=\"lazy\" decoding=\"async\" width=\"200\" height=\"300\" src=\"https:\/\/wir-lsz.de\/wp-content\/uploads\/2019\/05\/19-200x300.jpg\" alt=\"\" class=\"wp-image-57\" srcset=\"https:\/\/wir-lsz.de\/wp-content\/uploads\/2019\/05\/19-200x300.jpg 200w, https:\/\/wir-lsz.de\/wp-content\/uploads\/2019\/05\/19-768x1152.jpg 768w, https:\/\/wir-lsz.de\/wp-content\/uploads\/2019\/05\/19-683x1024.jpg 683w\" sizes=\"(max-width: 200px) 100vw, 200px\" \/><\/figure>\n\n\n\n<h2 class=\"wp-block-heading\">Name: Jochen Schmauch<\/h2>\n\n\n\n<p>Wohnort: Wiegleben<\/p>\n\n\n\n<p>Geburtsjahr: 1954<\/p>\n\n\n\n<p>Beruf: MA Gartenbauamt<\/p>\n\n\n\n<p>Unterst\u00fctzung des BM Reinz in allen Bereichen, f\u00fcr eine saubere Stadt und seine OT , Unterst\u00fctzung der kleineren Vereine.<\/p>\n\n\n\n<hr class=\"wp-block-separator has-css-opacity\"\/>\n\n\n\n<figure class=\"wp-block-image size-medium\"><img loading=\"lazy\" decoding=\"async\" width=\"200\" height=\"300\" src=\"https:\/\/wir-lsz.de\/wp-content\/uploads\/2019\/05\/10-200x300.jpg\" alt=\"\" class=\"wp-image-59\" srcset=\"https:\/\/wir-lsz.de\/wp-content\/uploads\/2019\/05\/10-200x300.jpg 200w, https:\/\/wir-lsz.de\/wp-content\/uploads\/2019\/05\/10-768x1152.jpg 768w, https:\/\/wir-lsz.de\/wp-content\/uploads\/2019\/05\/10-683x1024.jpg 683w\" sizes=\"(max-width: 200px) 100vw, 200px\" \/><\/figure>\n\n\n\n<h2 class=\"wp-block-heading\">Name: Marlene Ruft<\/h2>\n\n\n\n<p>Wohnort: Zimmern<\/p>\n\n\n\n<p>Geburtsjahr: 1981<\/p>\n\n\n\n<p>Beruf: Verwaltungsfachwirtin<\/p>\n\n\n\n<p>Ich setze mich f\u00fcr eine b\u00fcrger- und wirtschaftsfreundliche Verwaltung, die Unterst\u00fctzung des Ehrenamts, ein vereintes Zusammenleben der Generationen und ein starkes WIR f\u00fcr Bad Langensalza ein. <\/p>\n\n\n\n<hr class=\"wp-block-separator has-css-opacity\"\/>\n\n\n\n<figure class=\"wp-block-image size-medium\"><img loading=\"lazy\" decoding=\"async\" width=\"200\" height=\"300\" src=\"https:\/\/wir-lsz.de\/wp-content\/uploads\/2019\/05\/2-200x300.jpg\" alt=\"\" class=\"wp-image-58\" srcset=\"https:\/\/wir-lsz.de\/wp-content\/uploads\/2019\/05\/2-200x300.jpg 200w, https:\/\/wir-lsz.de\/wp-content\/uploads\/2019\/05\/2-768x1152.jpg 768w, https:\/\/wir-lsz.de\/wp-content\/uploads\/2019\/05\/2-683x1024.jpg 683w\" sizes=\"(max-width: 200px) 100vw, 200px\" \/><\/figure>\n\n\n\n<h2 class=\"wp-block-heading\">Name: Susi Preising<\/h2>\n\n\n\n<p>Wohnort: Bad Langensalza<\/p>\n\n\n\n<p>Geburtsjahr: 1966<\/p>\n\n\n\n<p>Beruf: Sonderp\u00e4dagoge<\/p>\n\n\n\n<p>Damit wir \/WIR gemeinsam die Zukunft dieser sch\u00f6nen Stadt, der  dazugeh\u00f6rigen netten , kleinen Gemeinden und der tollen Menschen , die darin wohnen,  gestalten k\u00f6nnen.<\/p>\n\n\n\n<hr class=\"wp-block-separator has-css-opacity\"\/>\n\n\n\n<figure class=\"wp-block-image size-medium\"><img loading=\"lazy\" decoding=\"async\" width=\"200\" height=\"300\" src=\"https:\/\/wir-lsz.de\/wp-content\/uploads\/2019\/05\/43-200x300.jpg\" alt=\"\" class=\"wp-image-63\" srcset=\"https:\/\/wir-lsz.de\/wp-content\/uploads\/2019\/05\/43-200x300.jpg 200w, https:\/\/wir-lsz.de\/wp-content\/uploads\/2019\/05\/43-768x1152.jpg 768w, https:\/\/wir-lsz.de\/wp-content\/uploads\/2019\/05\/43-683x1024.jpg 683w\" sizes=\"(max-width: 200px) 100vw, 200px\" \/><\/figure>\n\n\n\n<h2 class=\"wp-block-heading\">Name: Ralf Trautmann<\/h2>\n\n\n\n<p>Wohnort: Merxleben<\/p>\n\n\n\n<p>Geburtsjahr: 1964<\/p>\n\n\n\n<p>Beruf: Polizeibeamter<\/p>\n\n\n\n<p>Weiterentwicklung und Gestalten der Stadt  Bad Langensalza und der Ortsteile.<\/p>\n\n\n\n<hr class=\"wp-block-separator has-css-opacity\"\/>\n\n\n\n<figure class=\"wp-block-image size-medium\"><img loading=\"lazy\" decoding=\"async\" width=\"200\" height=\"300\" src=\"https:\/\/wir-lsz.de\/wp-content\/uploads\/2019\/05\/24-200x300.jpg\" alt=\"\" class=\"wp-image-64\" srcset=\"https:\/\/wir-lsz.de\/wp-content\/uploads\/2019\/05\/24-200x300.jpg 200w, https:\/\/wir-lsz.de\/wp-content\/uploads\/2019\/05\/24-768x1152.jpg 768w, https:\/\/wir-lsz.de\/wp-content\/uploads\/2019\/05\/24-683x1024.jpg 683w\" sizes=\"(max-width: 200px) 100vw, 200px\" \/><\/figure>\n\n\n\n<h2 class=\"wp-block-heading\">Name: Uwe Kassner<\/h2>\n\n\n\n<p>Wohnort: Bad Langensalza<\/p>\n\n\n\n<p>Geburtsjahr: 1967<\/p>\n\n\n\n<p>Beruf: Kraftfahrer<\/p>\n\n\n\n<p>Ich m\u00f6chte mich als Familienvater f\u00fcr die Belange von Familien und Jugendlichen engagieren. Besonders die Neuerrichtung des Skaterpark liegt mir am Herzen.<\/p>\n\n\n\n<hr class=\"wp-block-separator has-css-opacity\"\/>\n\n\n\n<figure class=\"wp-block-image size-medium\"><img loading=\"lazy\" decoding=\"async\" width=\"200\" height=\"300\" src=\"https:\/\/wir-lsz.de\/wp-content\/uploads\/2019\/05\/29-200x300.jpg\" alt=\"\" class=\"wp-image-65\" srcset=\"https:\/\/wir-lsz.de\/wp-content\/uploads\/2019\/05\/29-200x300.jpg 200w, https:\/\/wir-lsz.de\/wp-content\/uploads\/2019\/05\/29-768x1152.jpg 768w, https:\/\/wir-lsz.de\/wp-content\/uploads\/2019\/05\/29-683x1024.jpg 683w\" sizes=\"(max-width: 200px) 100vw, 200px\" \/><\/figure>\n\n\n\n<h2 class=\"wp-block-heading\">Name: Kristian B\u00f6ttger<\/h2>\n\n\n\n<p>Wohnort: Bad Langensalza<\/p>\n\n\n\n<p>Geburtsjahr: 1979<\/p>\n\n\n\n<p>Beruf: Maler Lackierer<\/p>\n\n\n\n<p>Sportliche Jugendf\u00f6rderung, kleine Vereine und Randsportarten f\u00f6rdern und in Gemeinden und D\u00f6rfern f\u00fcr Bewegung sorgen im sportlichen Bereichen.<\/p>\n\n\n\n<hr class=\"wp-block-separator has-css-opacity\"\/>\n\n\n\n<figure class=\"wp-block-image size-medium\"><img loading=\"lazy\" decoding=\"async\" width=\"200\" height=\"300\" src=\"https:\/\/wir-lsz.de\/wp-content\/uploads\/2019\/05\/16-200x300.jpg\" alt=\"\" class=\"wp-image-66\" srcset=\"https:\/\/wir-lsz.de\/wp-content\/uploads\/2019\/05\/16-200x300.jpg 200w, https:\/\/wir-lsz.de\/wp-content\/uploads\/2019\/05\/16-768x1152.jpg 768w, https:\/\/wir-lsz.de\/wp-content\/uploads\/2019\/05\/16-683x1024.jpg 683w\" sizes=\"(max-width: 200px) 100vw, 200px\" \/><\/figure>\n\n\n\n<h2 class=\"wp-block-heading\">Name: Michael Fischer<\/h2>\n\n\n\n<p>Wohnort: Illeben<\/p>\n\n\n\n<p>Geburtsjahr: 1964<\/p>\n\n\n\n<p>Beruf: Schlosser<\/p>\n\n\n\n<p>Partei-\u00fcbergreifende ehrliche Zusammenarbeit f\u00fcr die Weiterentwicklung der Ortsteile<\/p>\n\n\n\n<hr class=\"wp-block-separator has-css-opacity\"\/>\n\n\n\n<figure class=\"wp-block-image size-medium\"><img loading=\"lazy\" decoding=\"async\" width=\"200\" height=\"300\" src=\"https:\/\/wir-lsz.de\/wp-content\/uploads\/2019\/05\/5-200x300.jpg\" alt=\"\" class=\"wp-image-72\" srcset=\"https:\/\/wir-lsz.de\/wp-content\/uploads\/2019\/05\/5-200x300.jpg 200w, https:\/\/wir-lsz.de\/wp-content\/uploads\/2019\/05\/5-768x1152.jpg 768w, https:\/\/wir-lsz.de\/wp-content\/uploads\/2019\/05\/5-683x1024.jpg 683w\" sizes=\"(max-width: 200px) 100vw, 200px\" \/><\/figure>\n\n\n\n<h2 class=\"wp-block-heading\">Name: Dieter Krau\u00dflach<\/h2>\n\n\n\n<p>Wohnort: Aschara<\/p>\n\n\n\n<p>Geburtsjahr: 1958<\/p>\n\n\n\n<p>Beruf: Meister f\u00fcr Maschinen und Anlageninstanthaltung<\/p>\n\n\n\n<p>Die Politik transparenter gestalten.<\/p>\n\n\n\n<hr class=\"wp-block-separator has-css-opacity\"\/>\n\n\n\n<p><\/p>\n\n\n\n<p><\/p>\n\n\n\n<p class=\"has-luminous-vivid-orange-color has-text-color\">Profile von Beate Brunn und Torsten Schmied sind in Arbeit!<\/p>\n","protected":false},"excerpt":{"rendered":"<p>Name: Silvio Hellmundt Wohnort: Ufhoven Geburtsjahr: 1965 Beruf: Zimmermeister F\u00fcr ein starkes Jugendparlament, gegen Wohnungsleerstand und f\u00fcr Unterst\u00fctzung der Vereine sowie Ehrenamt. Name: Torsten Wronowski Wohnort: N\u00e4gelstedt Geburtsjahr: 1969 Beruf: Werk-Feuerwehrmann Ehrlich-Verl\u00e4sslich-Zukunftsorientiert Name: Bernd J\u00f6nsson Wohnort: Thamsbr\u00fcck Geburtsjahr: 1945 Beruf: Pensioner Ich m\u00f6chte gemeinsam mit den anderen Mitgliedern der Gruppe &#8220; WIR &#8222;die Interessen der &#8230; <a title=\"Unsere Mitglieder zur Stadtratswahl 2019\" class=\"read-more\" href=\"https:\/\/wir-lsz.de\/?page_id=24\" aria-label=\"Mehr Informationen \u00fcber Unsere Mitglieder zur Stadtratswahl 2019\">Weiterlesen<\/a><\/p>\n","protected":false},"author":2,"featured_media":0,"parent":0,"menu_order":0,"comment_status":"closed","ping_status":"closed","template":"","meta":{"footnotes":""},"_links":{"self":[{"href":"https:\/\/wir-lsz.de\/index.php?rest_route=\/wp\/v2\/pages\/24"}],"collection":[{"href":"https:\/\/wir-lsz.de\/index.php?rest_route=\/wp\/v2\/pages"}],"about":[{"href":"https:\/\/wir-lsz.de\/index.php?rest_route=\/wp\/v2\/types\/page"}],"author":[{"embeddable":true,"href":"https:\/\/wir-lsz.de\/index.php?rest_route=\/wp\/v2\/users\/2"}],"replies":[{"embeddable":true,"href":"https:\/\/wir-lsz.de\/index.php?rest_route=%2Fwp%2Fv2%2Fcomments&post=24"}],"version-history":[{"count":14,"href":"https:\/\/wir-lsz.de\/index.php?rest_route=\/wp\/v2\/pages\/24\/revisions"}],"predecessor-version":[{"id":309,"href":"https:\/\/wir-lsz.de\/index.php?rest_route=\/wp\/v2\/pages\/24\/revisions\/309"}],"wp:attachment":[{"href":"https:\/\/wir-lsz.de\/index.php?rest_route=%2Fwp%2Fv2%2Fmedia&parent=24"}],"curies":[{"name":"wp","href":"https:\/\/api.w.org\/{rel}","templated":true}]}}